{"id":446,"date":"2025-11-11T13:07:46","date_gmt":"2025-11-11T13:07:46","guid":{"rendered":"https:\/\/www.christinabartl.com\/aviso-legal\/"},"modified":"2025-11-11T13:07:46","modified_gmt":"2025-11-11T13:07:46","slug":"aviso-legal","status":"publish","type":"page","link":"https:\/\/www.christinabartl.com\/de\/aviso-legal\/","title":{"rendered":"Impressum"},"content":{"rendered":"<h3>IDENTIFIZIERUNGSDATEN DES WEBSITE-INHABERS<\/h3>\n<p>Gem\u00e4\u00df der in Artikel 10 des Gesetzes 34\/2002 vom 11. Juli \u00fcber Dienste der Informationsgesellschaft und des elektronischen Gesch\u00e4ftsverkehrs festgelegten Informationspflicht, <strong><em>christinabartl<\/em><\/strong>, mit NIE X-1383273-F, im Folgenden <strong>christinabartl.com<\/strong>, als Inhaber der Website <strong>v2.christinabartl.com<\/strong>, mit der Adresse C\/ ACEVI\u00d1O, N.\u00ba 18 \u2013 LOC.10 38400 \u2013 PUERTO DE LA CRUZ \u2013 S\/C TENERIFE, Postleitzahl 38400 in Puerto de la Cruz, E-Mail-Adresse <a href=\"mailto:%68%6fl%61%40c&#104;%72&#105;%73%74i%6e&#97;%62a%72%74l.%63%6f%6d\">&#104;&#111;l&#97;&#64;c&#104;ri&#115;&#116;i&#110;&#97;&#98;a&#114;t&#108;&#46;&#99;&#111;&#109;<\/a> und Telefon <a href=\"tel:+34633247732\" title=\"telephone\">+34 633 247 732<\/a>, \u00fcbermittelt hiermit die folgenden Informationen, die die Nutzungsbedingungen dieser Seite, die Haftungsbeschr\u00e4nkungen und die Pflichten der Nutzer der unter dem Domainnamen ver\u00f6ffentlichten Website darstellen und regeln. <strong><i>v2.christinabartl.com<\/i><\/strong>Sie setzen Respekt voraus und verpflichten sich dazu.<\/p>\n<h3>NUTZUNGSBEDINGUNGEN<\/h3>\n<p>Die Verwendung von <strong>v2.christinabartl.com<\/strong> verleiht den Status von <strong>Benutzer<\/strong> von <strong>v2.christinabartl.com<\/strong>Unabh\u00e4ngig davon, ob es sich um eine nat\u00fcrliche oder juristische Person handelt, impliziert dies notwendigerweise die vollst\u00e4ndige und vorbehaltlose Annahme s\u00e4mtlicher Klauseln und allgemeinen Gesch\u00e4ftsbedingungen des Impressums. <strong>Benutzer<\/strong> Wenn Sie den Nutzungsbedingungen dieses Rechtshinweises nicht zustimmen, d\u00fcrfen Sie diese nicht nutzen. <strong>v2.christinabartl.com<\/strong>Dieser Rechtshinweis kann \u00c4nderungen und Aktualisierungen unterliegen, daher gilt die von [Name des Unternehmens\/der Organisation] ver\u00f6ffentlichte Version. <strong>christinabartl.com<\/strong> puede ser diferente en cada momento en que el <strong>Benutzer<\/strong> Zugang zum Portal. Daher ist der Zugriff auf das Portal erforderlich. <strong>Benutzer<\/strong> Sie m\u00fcssen die rechtlichen Hinweise jedes Mal lesen, wenn Sie darauf zugreifen. <strong>v2.christinabartl.com<\/strong>.<\/p>\n\n<p>Durch <strong>v2.christinabartl.com<\/strong>, <strong>christinabartl.com<\/strong><b> <\/b>erleichtert <strong>Benutzer<\/strong> Zugang zu und Nutzung verschiedener Inhalte, die \u00fcber das Internet ver\u00f6ffentlicht werden von <strong>christinabartl.com<\/strong> oder durch autorisierte Dritte.<\/p>\n\n<p>Er <strong>Benutzer<\/strong> ist verpflichtet und verpflichtet sich zur Nutzung <strong>v2.christinabartl.com<\/strong> und die Inhalte in \u00dcbereinstimmung mit geltendem Recht, dem Rechtshinweis und allen anderen Hinweisen oder Anweisungen, die Ihnen bekannt gegeben wurden, sei es durch diesen Rechtshinweis oder an anderer Stelle innerhalb der Inhalte, die diese ausmachen <strong>v2.christinabartl.com<\/strong>wie etwa die Regeln des Zusammenlebens, der Moral und allgemein anerkannte gute Sitten. Zu diesem Zweck <strong>Benutzer<\/strong> Sie verpflichtet sich und stimmt zu, die Inhalte NICHT f\u00fcr rechtswidrige Zwecke oder Auswirkungen zu nutzen, die in den rechtlichen Hinweisen oder geltendem Recht verboten sind, die Rechte und Interessen Dritter beeintr\u00e4chtigen oder die Inhalte, Computerger\u00e4te oder Dokumente, Dateien und alle Arten von Inhalten, die auf den ihr geh\u00f6renden oder von ihr beauftragten Computerger\u00e4ten gespeichert sind, in irgendeiner Weise besch\u00e4digen, deaktivieren, \u00fcberlasten, beeintr\u00e4chtigen oder deren normale Nutzung verhindern. <strong>christinabartl.com<\/strong>, von einem anderen <strong>BENUTZER<\/strong> oder jeder Internetnutzer (Hardware und Software).<\/p>\n\n<p>Er <strong>Benutzer<\/strong> Er\/Sie erkl\u00e4rt sich damit einverstanden und verpflichtet sich, keinerlei Material, das in diesem Dokument enthalten ist, an Dritte weiterzugeben, zu verbreiten oder zug\u00e4nglich zu machen. <strong>v2.christinabartl.com<\/strong>wie beispielsweise Informationen, Texte, Daten, Inhalte, Nachrichten, Grafiken, Zeichnungen, Ton- und\/oder Bilddateien, Fotografien, Aufnahmen, Software, Logos, Marken, Symbole, Technologien, Links, Grafikdesign und Quellcode oder sonstige Materialien, zu denen er in seiner Funktion als <strong>Benutzer<\/strong> von <strong>v2.christinabartl.com<\/strong>Diese Liste ist nicht vollst\u00e4ndig. Dar\u00fcber hinaus gilt in \u00dcbereinstimmung mit dem Vorstehenden Folgendes: <strong>Benutzer<\/strong> Sie werden nicht in der Lage sein:<\/p>\n<ul>\n<li>Die Vervielf\u00e4ltigung, das Kopieren, Verbreiten, Zug\u00e4nglichmachen oder anderweitige \u00f6ffentliche Kommunizieren, Umgestalten oder Ver\u00e4ndern der Inhalte ist untersagt, sofern dies nicht ausdr\u00fccklich schriftlich genehmigt wurde von <strong>christinabartl.com<\/strong>wer die entsprechenden Rechte besitzt oder dass es rechtlich zul\u00e4ssig ist.<\/li>\n<li>Die \u201eUrheberrechts\u201c- und andere Kennzeichnungsdaten des Rechtevorbehalts zu unterdr\u00fccken, zu manipulieren oder in irgendeiner Weise zu ver\u00e4ndern <strong>christinabartl.com<\/strong> oder deren Eigent\u00fcmer, der digitalen Fingerabdr\u00fccke und\/oder Kennungen, Wasserzeichen oder sonstiger technischer Mittel, die zu deren Erkennung eingerichtet wurden.<\/li>\n<\/ul>\n<p>Er <strong>Benutzer<\/strong> Sie d\u00fcrfen die Inhalte nicht mit anderen Mitteln oder Verfahren als den Ihnen zu diesem Zweck zur Verf\u00fcgung gestellten, den auf den Webseiten, auf denen sich die Inhalte befinden, angegebenen oder allgemein im Internet \u00fcblicherweise zu diesem Zweck verwendeten Mitteln oder Verfahren erlangen oder auch nur versuchen, diese zu erlangen, sofern diese kein Risiko einer Besch\u00e4digung oder Funktionsunf\u00e4higkeit bergen. <strong>v2.christinabartl.com<\/strong>und\/oder der Inhalt.<\/p>\n<h3>GEISTIGES EIGENTUM<\/h3>\n<p>Alle Marken, Handelsnamen oder Kennzeichen jeglicher Art, die in <strong>v2.christinabartl.com<\/strong> sind Eigentum von <strong>christinabartl.com<\/strong> oder, soweit zutreffend, deren jeweiligen Eigent\u00fcmern, ohne dass davon ausgegangen wird, dass die Nutzung des Portals und\/oder der Inhalte dem\/der Eigent\u00fcmer(n) Rechte einr\u00e4umt. <strong>Benutzer<\/strong> An den vorgenannten Marken, Handelsnamen und\/oder Kennzeichen werden keinerlei Rechte erworben, und diese d\u00fcrfen nicht als an Dritte abgetreten angesehen werden. <strong>Benutzer<\/strong>Keines der bestehenden oder potenziellen Nutzungsrechte an den genannten Inhalten. Ebenso sind die Inhalte geistiges Eigentum von <strong>christinabartl.com<\/strong>, oder gegebenenfalls Dritten, daher liegen die Rechte am geistigen Eigentum bei <strong>christinabartl.com<\/strong> oder Dritten, die die Nutzung genehmigt haben und die ausschlie\u00dflichen Rechte zur Verwertung dieser Rechte in jeglicher Form, insbesondere der Vervielf\u00e4ltigung, Verbreitung, \u00f6ffentlichen Wiedergabe und Bearbeitung, besitzen. Die unbefugte Nutzung der auf dieser Website enthaltenen Informationen sowie jede Verletzung der geistigen oder gewerblichen Eigentumsrechte von <strong>christinabartl.com<\/strong> oder von Dritten, die in <strong>v2.christinabartl.com<\/strong> Diejenigen, die Inhalte bereitgestellt haben, unterliegen den gesetzlich festgelegten Pflichten.<\/p>\n<h3>Verf\u00fcgbarkeit von V2.CHRISTINABARTL.COM<\/h3>\n<p><strong>christinabartl.com<\/strong> garantiert nicht die Unterbrechungs- oder Fehlerfreiheit beim Zugriff auf <strong>v2.christinabartl.com<\/strong>weder f\u00fcr den Inhalt noch f\u00fcr dessen Aktualit\u00e4t, obwohl alle Anstrengungen unternommen werden, Fehler zu vermeiden, zu korrigieren oder zu aktualisieren. Daher <strong>christinabartl.com<\/strong> ist nicht verantwortlich f\u00fcr Sch\u00e4den oder Verluste jeglicher Art, die dadurch verursacht werden <strong>Benutzer<\/strong> die auf St\u00f6rungen oder Unterbrechungen in Telekommunikationsnetzen zur\u00fcckzuf\u00fchren sind, welche die Aussetzung, Stornierung oder Unterbrechung des Portaldienstes w\u00e4hrend oder vor dessen Bereitstellung zur Folge haben.<\/p>\n\n<p><strong>christinabartl.com<\/strong> schlie\u00dft, vorbehaltlich der in der geltenden Gesetzgebung vorgesehenen Ausnahmen, jegliche Haftung f\u00fcr Sch\u00e4den jeglicher Art aus, die auf mangelnde Verf\u00fcgbarkeit, Kontinuit\u00e4t oder Qualit\u00e4t des Betriebs zur\u00fcckzuf\u00fchren sind. <strong>v2.christinabartl.com<\/strong> und des Inhalts, dass die Erwartungen an die N\u00fctzlichkeit nicht erf\u00fcllt werden. <strong>BENUTZER<\/strong> h\u00e4tte darauf zur\u00fcckzuf\u00fchren sein k\u00f6nnen <strong>v2.christinabartl.com<\/strong> und zum Inhaltsverzeichnis.<\/p>\n\n<p>Die Funktion der auf dieser Website enthaltenen Hyperlinks besteht ausschlie\u00dflich darin, zu informieren <strong>Benutzer<\/strong> Hinsichtlich der Existenz anderer Webseiten, die Informationen zu diesem Thema enthalten, stellen diese Hyperlinks keine Empfehlung oder Anregung dar.<\/p>\n\n<p><strong>christinabartl.com<\/strong> ist nicht verantwortlich f\u00fcr den Inhalt verlinkter Seiten, die Funktionsf\u00e4higkeit oder N\u00fctzlichkeit von Hyperlinks oder die Ergebnisse solcher Links. Ebenso wenig wird die Virenfreiheit oder das Fehlen anderer Elemente garantiert, die Ver\u00e4nderungen am Computersystem (Hardware und Software), an Dokumenten oder Dateien verursachen k\u00f6nnen. <strong>Benutzer<\/strong>Ausschluss jeglicher Haftung f\u00fcr Sch\u00e4den jeglicher Art, die verursacht wurden <strong>Benutzer<\/strong> aus diesem Grund.<\/p>\n\n<p>Zugriff auf <strong>v2.christinabartl.com<\/strong> impliziert keine Verpflichtung seitens <strong>christinabartl.com<\/strong> um sicherzustellen, dass keine Viren, W\u00fcrmer oder andere sch\u00e4dliche Computerelemente vorhanden sind. Dies entspricht <strong>Benutzer<\/strong>Die Verf\u00fcgbarkeit geeigneter Werkzeuge zur Erkennung und Beseitigung von Schadsoftware ist daher in jedem Fall unerl\u00e4sslich. <strong>christinabartl.com<\/strong> ist nicht verantwortlich f\u00fcr etwaige Sicherheitsverletzungen, die w\u00e4hrend der Erbringung der Dienstleistung auftreten k\u00f6nnen. <strong>v2.christinabartl.com<\/strong>noch etwaige Sch\u00e4den, die dem Computersystem entstehen k\u00f6nnen <strong>Benutzer<\/strong> oder Dritten (Hardware und Software), die darauf gespeicherten Dateien oder Dokumente, aufgrund des Vorhandenseins von Viren auf dem Computer von <strong>Benutzer<\/strong> wird f\u00fcr die Verbindung zu Diensten und Inhalten des Internets verwendet, aufgrund einer Fehlfunktion des Browsers oder der Verwendung veralteter Versionen desselben.<\/p>\n\n<p>Die Bereitstellung der Dienstleistung <strong>v2.christinabartl.com<\/strong> und der Inhalt hat grunds\u00e4tzlich eine unbestimmte Dauer. <strong>christinabartl.com<\/strong>Es ist jedoch berechtigt, die Bereitstellung des Dienstes zu beenden oder auszusetzen. <strong>v2.christinabartl.com<\/strong> und\/oder jegliche Inhalte jederzeit. Soweit dies vern\u00fcnftigerweise m\u00f6glich ist, <strong>christinabartl.com<\/strong> wird die Beendigung oder Aussetzung im Voraus ank\u00fcndigen <strong>v2.christinabartl.com<\/strong>.<\/p>\n<h3>QUALIT\u00c4T VON V2.CHRISTINABARTL.COM<\/h3>\n<p>Angesichts des dynamischen und sich st\u00e4ndig ver\u00e4ndernden Umfelds der Informationen und Dienstleistungen, die bereitgestellt werden durch <strong>v2.christinabartl.com<\/strong>, <strong>christinabartl.com<\/strong> Obwohl wir uns nach besten Kr\u00e4ften bem\u00fchen, die Richtigkeit, Vollst\u00e4ndigkeit, Zuverl\u00e4ssigkeit, N\u00fctzlichkeit und Aktualit\u00e4t der Inhalte zu gew\u00e4hrleisten, dienen die Informationen auf diesem Portal ausschlie\u00dflich Informations-, Beratungs-, Bildungs- und Werbezwecken. Sie stellen unter keinen Umst\u00e4nden eine verbindliche oder vertragliche Verpflichtung dar.<\/p>\n<h3>Haftungsbeschr\u00e4nkung<\/h3>\n<p><strong>christinabartl.com<\/strong> schlie\u00dft jegliche Verantwortung f\u00fcr die Entscheidungen aus, die die <strong>Benutzer<\/strong> Sie k\u00f6nnten auf Grundlage dieser Informationen Entscheidungen treffen, auch aufgrund m\u00f6glicher Tippfehler in den Dokumenten und Grafiken von <strong>v2.christinabartl.com<\/strong>Die Informationen k\u00f6nnen aufgrund von Erweiterung, Verbesserung, Korrektur oder Aktualisierung des Inhalts ohne vorherige Ank\u00fcndigung regelm\u00e4\u00dfig ge\u00e4ndert werden.<\/p>\n<h3>MITTEILUNGEN<\/h3>\n<p>Alle Benachrichtigungen und Mitteilungen von <strong>christinabartl.com<\/strong> zum <strong>Benutzer<\/strong> Die auf beliebige Weise durchgef\u00fchrten Ma\u00dfnahmen werden f\u00fcr alle Zwecke als wirksam betrachtet.<\/p>\n<h3>ZUST\u00c4NDIGKEIT<\/h3>\n<p>F\u00fcr alle Fragen, die sich hinsichtlich der Auslegung, Anwendung und Einhaltung dieses Rechtshinweises ergeben, sowie f\u00fcr alle Anspr\u00fcche, die sich aus seiner Verwendung ergeben, unterwerfen sich alle beteiligten Parteien den Gerichten der Provinz Puerto de la Cruz und verzichten ausdr\u00fccklich auf jede andere ihnen zustehende Gerichtsbarkeit.<\/p>\n<h3>ANWENDBARE GESETZGEBUNG<\/h3>\n<p>Dieser Rechtshinweis unterliegt der geltenden spanischen Gesetzgebung.<\/p>","protected":false},"excerpt":{"rendered":"","protected":false},"author":1,"featured_media":0,"parent":0,"menu_order":0,"comment_status":"closed","ping_status":"closed","template":"","meta":{"_breakdance_hide_in_design_set":false,"_breakdance_tags":"","footnotes":""},"class_list":["post-446","page","type-page","status-publish","hentry"],"_links":{"self":[{"href":"https:\/\/www.christinabartl.com\/de\/wp-json\/wp\/v2\/pages\/446","targetHints":{"allow":["GET"]}}],"collection":[{"href":"https:\/\/www.christinabartl.com\/de\/wp-json\/wp\/v2\/pages"}],"about":[{"href":"https:\/\/www.christinabartl.com\/de\/wp-json\/wp\/v2\/types\/page"}],"author":[{"embeddable":true,"href":"https:\/\/www.christinabartl.com\/de\/wp-json\/wp\/v2\/users\/1"}],"replies":[{"embeddable":true,"href":"https:\/\/www.christinabartl.com\/de\/wp-json\/wp\/v2\/comments?post=446"}],"version-history":[{"count":0,"href":"https:\/\/www.christinabartl.com\/de\/wp-json\/wp\/v2\/pages\/446\/revisions"}],"wp:attachment":[{"href":"https:\/\/www.christinabartl.com\/de\/wp-json\/wp\/v2\/media?parent=446"}],"curies":[{"name":"wp","href":"https:\/\/api.w.org\/{rel}","templated":true}]}}