{"id":447,"date":"2025-11-11T13:07:46","date_gmt":"2025-11-11T13:07:46","guid":{"rendered":"https:\/\/www.christinabartl.com\/privacidad\/"},"modified":"2025-11-11T13:07:46","modified_gmt":"2025-11-11T13:07:46","slug":"privacidad","status":"publish","type":"page","link":"https:\/\/www.christinabartl.com\/de\/privacidad\/","title":{"rendered":"Datenschutzerkl\u00e4rung"},"content":{"rendered":"<h3>EINF\u00dcHRUNG<\/h3>\n<p>Wir von christinabartl.com nehmen die Bed\u00fcrfnisse der Internetnutzer ernst und sind uns der Wichtigkeit eines strengen Schutzes der uns anvertrauten personenbezogenen Daten bewusst. Daher f\u00fcgen wir diese Datenschutzerkl\u00e4rung bei, damit Sie \u00fcber unsere Richtlinien zur Verarbeitung personenbezogener Daten unserer Besucher und Nutzer informiert sind.<\/p><p>Als Nutzer stimmen Sie diesen Bedingungen zu, indem Sie diese Website lesen, ansehen oder durchsuchen. Sollten Sie nicht zustimmen, m\u00fcssen Sie die Website verlassen, ohne sie oder ihre Inhalte in irgendeiner Weise zu nutzen oder verlinkte Seiten aufzurufen.<\/p>\n<h3 id='responsable'>DATENVERANTWORTLICHER<\/h3>\n<p>Die Website-Inhaberin und Datenverantwortliche ist christinabartl mit der NIE X-1383273-F. Sie k\u00f6nnen sie unter der E-Mail-Adresse kontaktieren. <a href=\"mailto:&#104;&#111;la%40chr&#105;&#115;&#116;i&#110;a&#98;%61r&#116;l%2e%63%6fm\">&#104;&#111;&#108;a&#64;&#99;&#104;rist&#105;nab&#97;&#114;&#116;l.co&#109;<\/a>, das Telefon <a href=\"tel:+34633247732\" title=\"telephone\">+34 633 247 732<\/a> oder per Post an C\/ ACEVI\u00d1O, N.\u00ba 18 \u2013 LOC.10 38400 \u2013 PUERTO DE LA CRUZ \u2013 S\/C TENERIFE, Postleitzahl 38400 von Puerto de la Cruz.<\/p>\n<h3 id='finalidad'>ZWECK DER DATENVERARBEITUNG<\/h3>\n<p>Auf unseren Webseiten finden Sie spezielle Bereiche, in denen Sie Ihre Daten eingeben k\u00f6nnen, um Neuigkeiten zu unserer Webseite und einigen unserer Programme zu erhalten. Wir versichern Ihnen, dass Ihre Angaben streng vertraulich behandelt werden.<\/p><p>Die Daten werden so lange gespeichert, wie ein absehbarer Bedarf f\u00fcr ihre Verwendung zu dem Zweck besteht, f\u00fcr den sie erhoben wurden.<\/p><p>Es werden keine automatisierten Entscheidungen auf Grundlage Ihrer Daten getroffen.<\/p><p>Diese Website verwendet m\u00f6glicherweise Cookies. Weitere Informationen finden Sie in unserer Cookie-Richtlinie. <a href=\"https:\/\/www.christinabartl.com\/de\/cookies\/\">Cookie-Richtlinie<\/a>.<\/p>\n<h3 id='legitimacion'>Legitimit\u00e4t der Datenverarbeitung<\/h3>\n<p>Wir verwenden Ihre Daten, weil Sie uns Ihre Einwilligung zur Nutzung der von Ihnen in den Formularen angegebenen Informationen f\u00fcr den jeweils angegebenen Zweck erteilt haben. Ihre Daten sind nur f\u00fcr die spezifischen Zwecke erforderlich, f\u00fcr die sie angefordert werden; wenn Sie diese Daten nicht angeben, k\u00f6nnen die entsprechenden Dienste nicht bereitgestellt werden.<\/p>\n<h3 id='transferencia'>DATEN\u00dcBERTRAGUNGEN UND -ZUWEISUNGEN<\/h3>\n<p>Wir sind fest entschlossen sicherzustellen, dass die Daten, die Sie christinabartl.com zur Verf\u00fcgung stellen, unter keinen Umst\u00e4nden ohne Ihre vorherige Zustimmung an Dritte verkauft oder weitergegeben werden, es sei denn, Sie erteilen Ihre ausdr\u00fcckliche Zustimmung oder dies ist gesetzlich vorgeschrieben.<\/p><p>Unsere Website enth\u00e4lt Links zu Websites Dritter. christinabartl.com ist nicht verantwortlich f\u00fcr die Datenschutzrichtlinien und -praktiken dieser anderen Websites.<\/p>\n<h3 id='derechos'>Rechte von Beteiligten<\/h3>\n<p>Sie haben das Recht, die in unseren Datenbanken \u00fcber Sie gespeicherten Informationen einzusehen, diese gegebenenfalls zu korrigieren, zu l\u00f6schen, ihre Verarbeitung einzuschr\u00e4nken, der Verarbeitung zu widersprechen und Ihre Einwilligung zu widerrufen. Senden Sie dazu einfach eine E-Mail an die folgende E-Mail-Adresse: <a href=\"mailto:%68%6f&#108;%61&#64;%63%68r&#105;%73t&#105;%6e&#97;%62a%72%74&#108;.&#99;&#111;%6d\">&#104;&#111;l&#97;&#64;&#99;h&#114;&#105;&#115;&#116;in&#97;&#98;a&#114;t&#108;&#46;com<\/a> Wir helfen Ihnen gerne bei allen Fragen, Anmerkungen oder Kl\u00e4rungsbedarfen.<\/p><p>F\u00fcr weitere Informationen zu verwandten Themen ist die entsprechende Referenzseite im spanischen Internet die <a href=\"https:\/\/www.agpd.es\/\">Datenschutzbeh\u00f6rde<\/a>wo Sie das Recht haben, Anspr\u00fcche geltend zu machen.<\/p>","protected":false},"excerpt":{"rendered":"","protected":false},"author":1,"featured_media":0,"parent":0,"menu_order":0,"comment_status":"closed","ping_status":"closed","template":"","meta":{"_breakdance_hide_in_design_set":false,"_breakdance_tags":"","footnotes":""},"class_list":["post-447","page","type-page","status-publish","hentry"],"_links":{"self":[{"href":"https:\/\/www.christinabartl.com\/de\/wp-json\/wp\/v2\/pages\/447","targetHints":{"allow":["GET"]}}],"collection":[{"href":"https:\/\/www.christinabartl.com\/de\/wp-json\/wp\/v2\/pages"}],"about":[{"href":"https:\/\/www.christinabartl.com\/de\/wp-json\/wp\/v2\/types\/page"}],"author":[{"embeddable":true,"href":"https:\/\/www.christinabartl.com\/de\/wp-json\/wp\/v2\/users\/1"}],"replies":[{"embeddable":true,"href":"https:\/\/www.christinabartl.com\/de\/wp-json\/wp\/v2\/comments?post=447"}],"version-history":[{"count":0,"href":"https:\/\/www.christinabartl.com\/de\/wp-json\/wp\/v2\/pages\/447\/revisions"}],"wp:attachment":[{"href":"https:\/\/www.christinabartl.com\/de\/wp-json\/wp\/v2\/media?parent=447"}],"curies":[{"name":"wp","href":"https:\/\/api.w.org\/{rel}","templated":true}]}}