{"id":448,"date":"2025-11-11T13:07:46","date_gmt":"2025-11-11T13:07:46","guid":{"rendered":"https:\/\/www.christinabartl.com\/cookies\/"},"modified":"2025-11-11T13:07:46","modified_gmt":"2025-11-11T13:07:46","slug":"cookies","status":"publish","type":"page","link":"https:\/\/www.christinabartl.com\/de\/cookies\/","title":{"rendered":"Cookie-Richtlinie"},"content":{"rendered":"<h3>Diese Seite verwendet Cookies<\/h3>\n<p>Gem\u00e4\u00df Gesetz 34\/2002 vom 11. Juli \u00fcber Dienste der Informationsgesellschaft und des elektronischen Gesch\u00e4ftsverkehrs (LSSICE) informieren wir Sie dar\u00fcber, dass diese Website <strong>christinabartl.com<\/strong> verwendet Cookies.<\/p>\n<p>Das spanische Gesetz \u00fcber Dienste der Informationsgesellschaft und des elektronischen Gesch\u00e4ftsverkehrs (LSSICE) gilt f\u00fcr alle Arten von Dateien und Ger\u00e4ten, die auf das Endger\u00e4t eines Nutzers heruntergeladen werden, um Daten zu speichern, die von dem f\u00fcr die Installation verantwortlichen Unternehmen aktualisiert und abgerufen werden k\u00f6nnen. Ein Cookie ist eine solche Datei, die wir im Folgenden allgemein als Cookie bezeichnen.<\/p>\n<p>Cookies sind kleine Textdateien, die von einem Webserver an einen Browser gesendet werden, um die Aktivit\u00e4ten eines Benutzers auf einer Website aufzuzeichnen, sodass diese Informationen sp\u00e4ter beim Besuch der verschiedenen Seiten, die mit dem Server verbunden sind, der sie installiert hat, abgerufen werden k\u00f6nnen.<\/p>\n<p>Der <em>cookie<\/em> Sie speichern typischerweise technische Informationen, pers\u00f6nliche Pr\u00e4ferenzen, Inhaltsanpassungen, Nutzungsstatistiken, Social-Media-Links, Zugriffsrechte auf Benutzerkonten usw.<\/p>\n<h3>Arten von Cookies<\/h3>\n<p>Die Cookies werden anschlie\u00dfend in verschiedene Kategorien eingeteilt. Es ist jedoch wichtig zu beachten, dass ein einzelner Cookie zu mehr als einer Kategorie geh\u00f6ren kann.<\/p><h2>Laut der Organisation, die sie verwaltet<\/h2>\n<p><\/p><ul>\n\t\t<li><b>Eigene Cookies:<\/b> Dies sind solche, die vom Herausgeber selbst verwalteten Computer oder der Dom\u00e4ne an das Endger\u00e4t des Benutzers gesendet werden und von der der vom Benutzer angeforderte Dienst bereitgestellt wird.<\/li>\n\t\t<li><b>Cookies von Drittanbietern:<\/b> Hierbei handelt es sich um Daten, die vom Computer oder der Domain, die nicht vom Herausgeber, sondern von einer anderen Stelle verwaltet wird, an das Endger\u00e4t des Benutzers gesendet werden. Diese Stelle verarbeitet die \u00fcber die Cookies gewonnenen Daten.<\/li>\n\t<\/ul><p>Werden Cookies von einem Computer oder einer Domain installiert, die vom Herausgeber selbst verwaltet wird, die durch sie gesammelten Informationen jedoch von einem Dritten verwaltet werden, gelten sie nicht als Erstanbieter-Cookies.<\/p><h2>Abh\u00e4ngig von der Dauer ihrer Aktivit\u00e4t<\/h2>\n<p>Je nachdem, wie lange sie auf dem Endger\u00e4t aktiv bleiben, k\u00f6nnen wir Folgendes unterscheiden:<\/p><ul>\n\t\t<li><b>Sitzungscookies:<\/b> Hierbei handelt es sich um eine Art von Cookies, die dazu dienen, Daten zu erfassen und zu speichern, w\u00e4hrend ein Nutzer eine Website besucht. Sie werden typischerweise verwendet, um Informationen zu speichern, die nur f\u00fcr die einmalige Bereitstellung des vom Nutzer angeforderten Dienstes ben\u00f6tigt werden (z. B. eine Liste der gekauften Produkte).<\/li>\n\t\t<li><b>Dauerhafte Cookies:<\/b> Es handelt sich um eine Art Cookie, bei dem die Daten auf dem Endger\u00e4t gespeichert bleiben und f\u00fcr einen vom Cookie-Inhaber festgelegten Zeitraum abgerufen und verarbeitet werden k\u00f6nnen, der von wenigen Minuten bis zu mehreren Jahren reichen kann.<\/li>\n\t<\/ul><h2>Entsprechend seinem Zweck<\/h2>\n<p>Je nach Zweck der Verarbeitung der \u00fcber Cookies gewonnenen Daten lassen sich folgende Unterscheidungen treffen:<\/p><ul>\n\t\t<li><b>Technische Cookies:<\/b> Hierbei handelt es sich um Cookies, die es dem Benutzer erm\u00f6glichen, auf einer Website, Plattform oder Anwendung zu navigieren und die verschiedenen Optionen oder Dienste zu nutzen, die darauf vorhanden sind, wie z. B. die Steuerung des Datenverkehrs und der Datenkommunikation, die Identifizierung der Sitzung, der Zugriff auf gesch\u00fctzte Bereiche, das Speichern der Artikel in einer Bestellung, das Abschlie\u00dfen des Kaufvorgangs, die Registrierung f\u00fcr oder die Teilnahme an einer Veranstaltung, die Nutzung von Sicherheitsfunktionen beim Surfen, das Speichern von Inhalten zur Video- oder Audiowiedergabe oder das Teilen von Inhalten \u00fcber soziale Netzwerke.<\/li>\n\t\t<li><b>Personalisierungs-Cookies:<\/b> Hierbei handelt es sich um solche, die dem Benutzer den Zugriff auf den Dienst mit einigen vordefinierten allgemeinen Merkmalen erm\u00f6glichen, basierend auf einer Reihe von Kriterien im Endger\u00e4t des Benutzers, wie z. B. Sprache, Browsertyp, \u00fcber den auf den Dienst zugegriffen wird, regionale Konfiguration, von der aus auf den Dienst zugegriffen wird usw.<\/li>\n\t\t<li><b>Analyse-Cookies:<\/b> Hierbei handelt es sich um Cookies, die es dem Website-Betreiber erm\u00f6glichen, das Nutzerverhalten auf den verlinkten Websites zu verfolgen und zu analysieren. Die mithilfe dieser Cookies gesammelten Informationen dienen dazu, die Aktivit\u00e4t von Websites, Anwendungen oder Plattformen zu messen und Nutzerprofile zu erstellen, um auf Basis der Nutzerdatenanalyse Verbesserungen vorzunehmen.<\/li>\n\t\t<li><b>Werbe-Cookies:<\/b> Hierbei handelt es sich um Systeme, die die Verwaltung der Werbefl\u00e4chen, die der Herausgeber auf einer Website, Anwendung oder Plattform, von der aus der angeforderte Dienst bereitgestellt wird, eingebunden hat, auf m\u00f6glichst effiziente Weise erm\u00f6glichen, basierend auf Kriterien wie dem bearbeiteten Inhalt oder der H\u00e4ufigkeit, mit der die Anzeigen eingeblendet werden.<\/li>\n\t\t<li><b>Cookies f\u00fcr verhaltensbasierte Werbung:<\/b> Diese Cookies erm\u00f6glichen die optimale Verwaltung von Werbefl\u00e4chen, die der Herausgeber auf einer Website, Anwendung oder Plattform, \u00fcber die der angeforderte Dienst bereitgestellt wird, eingebunden hat. Sie speichern Informationen \u00fcber das Nutzerverhalten, die durch die kontinuierliche Beobachtung des Surfverhaltens gewonnen werden, und erm\u00f6glichen so die Erstellung eines spezifischen Profils zur Ausspielung personalisierter Werbung.<\/li>\n\t<\/ul>\n<h3>So deaktivieren Sie Cookies in den g\u00e4ngigen Webbrowsern<\/h3>\n<p>Um die Verwendung von Cookies zu konfigurieren, folgen Sie den Anweisungen Ihres Browsers oder konsultieren Sie dessen Hilfebereich:<\/p>\n<ul>\n<li><a href=\"https:\/\/support.apple.com\/es-es\/HT201265\">Safari<\/a><\/li>\n<li><a href=\"https:\/\/support.mozilla.org\/es\/kb\/habilitar-y-deshabilitar-cookies-sitios-web-rastrear-preferencias?redirectlocale=es&redirectslug=habilitar-y-deshabilitar-cookies-que-los-sitios-we\">Firefox<\/a><\/li>\n<li><a href=\"https:\/\/support.google.com\/chrome\/answer\/95647?hl=es-es\">Chrome<\/a><\/li>\n<li><a href=\"https:\/\/www.opera.com\/help\/tutorials\/security\/privacy\/\">\u00d3pera<\/a><\/li>\n<li><a href=\"https:\/\/support.microsoft.com\/es-es\/help\/17442\/windows-internet-explorer-delete-manage-cookies\">Internet Explorer<\/a><\/li>\n<li><a href=\"https:\/\/privacy.microsoft.com\/es-es\/windows-10-microsoft-edge-and-privacy\">Edge<\/a><\/li>\n<\/ul>\n<h3>Was passiert, wenn Cookies nicht akzeptiert werden?<\/h3>\n<p>Das Ablehnen von Cookies kann den Zugriff auf personalisierte Inhalte und Dienste verhindern.<\/p>\n<h3>Aktualisierungen und \u00c4nderungen der Cookie-Richtlinie<\/h3>\n<p>christinabartl.com kann diese Cookie-Richtlinie gem\u00e4\u00df gesetzlichen und beh\u00f6rdlichen Vorgaben \u00e4ndern, um sie an die Anweisungen der spanischen Datenschutzbeh\u00f6rde anzupassen, aus technischen Gr\u00fcnden oder im Zuge einer Website-Umstrukturierung; daher empfehlen wir Ihnen, diese regelm\u00e4\u00dfig zu besuchen.\n<h3>Kontakt<\/h3>\n<p>Sollten Sie Fragen zur Verwendung von Cookies haben, schreiben Sie uns bitte an die folgende E-Mail-Adresse: <a href=\"mailto:h%6f&#108;a%40&#99;%68%72%69%73%74i&#110;%61%62%61%72t&#108;.%63&#111;m\">hol&#97;&#64;&#99;&#104;r&#105;&#115;&#116;&#105;n&#97;&#98;ar&#116;l.&#99;o&#109;<\/a>.","protected":false},"excerpt":{"rendered":"","protected":false},"author":1,"featured_media":0,"parent":0,"menu_order":0,"comment_status":"closed","ping_status":"closed","template":"","meta":{"_breakdance_hide_in_design_set":false,"_breakdance_tags":"","footnotes":""},"class_list":["post-448","page","type-page","status-publish","hentry"],"_links":{"self":[{"href":"https:\/\/www.christinabartl.com\/de\/wp-json\/wp\/v2\/pages\/448","targetHints":{"allow":["GET"]}}],"collection":[{"href":"https:\/\/www.christinabartl.com\/de\/wp-json\/wp\/v2\/pages"}],"about":[{"href":"https:\/\/www.christinabartl.com\/de\/wp-json\/wp\/v2\/types\/page"}],"author":[{"embeddable":true,"href":"https:\/\/www.christinabartl.com\/de\/wp-json\/wp\/v2\/users\/1"}],"replies":[{"embeddable":true,"href":"https:\/\/www.christinabartl.com\/de\/wp-json\/wp\/v2\/comments?post=448"}],"version-history":[{"count":0,"href":"https:\/\/www.christinabartl.com\/de\/wp-json\/wp\/v2\/pages\/448\/revisions"}],"wp:attachment":[{"href":"https:\/\/www.christinabartl.com\/de\/wp-json\/wp\/v2\/media?parent=448"}],"curies":[{"name":"wp","href":"https:\/\/api.w.org\/{rel}","templated":true}]}}